{"id":145,"date":"2021-02-02T13:07:26","date_gmt":"2021-02-02T12:07:26","guid":{"rendered":"http:\/\/villa-kornati.com\/de\/odmor-i-apartmani-u-hrvatskoj-deutsch\/"},"modified":"2021-02-02T14:56:46","modified_gmt":"2021-02-02T13:56:46","slug":"odmor-i-apartmani-u-hrvatskoj-deutsch","status":"publish","type":"page","link":"https:\/\/villa-kornati.com\/de\/","title":{"rendered":"Urlaub und Apartments in Kroatien"},"content":{"rendered":"<h1 class=\"rtecenter\">Willkommen auf den Internet Seiten<br \/>\nder Familie Sreba\u010di\u0107: Villa Kornati!<\/h1>\n<h1 class=\"rtecenter\"><\/h1>\n<h1 class=\"rtecenter\"><img loading=\"lazy\" decoding=\"async\" class=\" size-full wp-image-2\" src=\"http:\/\/villa-kornati.com\/dewp-content\/uploads\/sites\/3\/2009\/03\/OBJEKAT-1.jpg\" alt=\"\" width=\"510\" height=\"383\" srcset=\"https:\/\/villa-kornati.com\/de\/wp-content\/uploads\/sites\/3\/2009\/03\/OBJEKAT-1.jpg 510w, https:\/\/villa-kornati.com\/de\/wp-content\/uploads\/sites\/3\/2009\/03\/OBJEKAT-1-300x225.jpg 300w\" sizes=\"auto, (max-width: 510px) 100vw, 510px\" \/><\/h1>\n<p>Villa Kornati bietet Ihnen acht Apartments. Die Villa Kornati liegt im Ort \u017ddrelac auf der Insel Pa\u0161man mit der Adresse: Put Tarokini 1 (sechste Strasse). In \u017ddrelac gibt es das Ortszentrum und den Strand \u201eMatlovac\u201c, die nicht am selben Ort sind. Unsere Apartments befinden sich auf halbem Weg zwischen dem Zentrum und dem Strand \u201eMatlovac\u201c, sodass sowohl das eine als auch das andere nahe ist. Von unseren Apartments aus haben Sie einen Gehweg von f\u00fcnf Minuten zum Strand und zum Zentrum einen Gehweg von vier Minuten. Die genaue Position unserer Apartments k\u00f6nnen Sie auf der Karte sehen. \u017ddrelac ist ein kleiner Ort ideal f\u00fcr erholsamen Urlaub, Entspannung und Familienaktivit\u00e4ten. Abgesehen von Ruhe und frischer Luft hebt sich insbesondere der Sandstrand als Schatz dieses Ortes hervor.<\/p>\n<p>Der Strand ist seicht, sauber und umgeben von Kiefernwald. Vor allem die Kinder lieben diesen Strand.<\/p>\n<p>Der n\u00e4chstgelegene Flughafen ist in Zadar. Die Region Zadar befindet sich im Umkreis von f\u00fcnf Nationalparks: Paklenica, Kornati, Plitvicer Seen, Slapovi krke, Nord Velebit. Alle diese sind in nur ein bis zwei Stunden Autofahrt oder per Schiff zu erreichen. Unser Ort \u017ddrelac ist die direkte Pforte zum Naturpark Tela\u0161cica und zum Nationalpark Kornati.<\/p>\n<p>Die Insel Pa\u0161man mit einer Fl\u00e4che von 60 km\u00b2 wird vom mit vielen kleinen malerischen Inseln \u00fcbers\u00e4hten Kanal Pa\u0161man vom Festland getrennt. Mit der Linie der F\u00e4hre Biograd &#8211; Tkon und Zadar &#8211; Preko (auf der Insel Ugljan) ist sie mit dem Festland verbunden und mit einer Br\u00fccke ist \u017ddrelac in der Meeresenge mit der Insel Ugljan verbunden.<\/p>\n<p>Die Meeresstr\u00f6mungen im Kanal Pa\u0161man \u00e4ndern ihre Richtung alle sechs Stunden, so dass sie dieses Gebiet zu einem der saubersten der Adria machen.<\/p>\n<p>Auf jeden Fall sollte das Franziskaner Kloster Hl. Dujma und das Benediktiner Kloster Hl. Kuzme und Damjan auf dem Berg Cokovac bei Tkon besichtigt werden.<\/p>\n","protected":false},"excerpt":{"rendered":"<p>Willkommen auf den Internet Seiten der Familie Sreba\u010di\u0107: Villa Kornati! Villa Kornati bietet Ihnen acht Apartments. Die Villa Kornati liegt im Ort \u017ddrelac auf der Insel Pa\u0161man mit der Adresse: Put Tarokini 1 (sechste Strasse). In \u017ddrelac gibt es das Ortszentrum und den Strand \u201eMatlovac\u201c, &hellip; <\/p>\n","protected":false},"author":1,"featured_media":0,"parent":0,"menu_order":0,"comment_status":"closed","ping_status":"closed","template":"","meta":{"footnotes":""},"class_list":["post-145","page","type-page","status-publish","hentry","latest_post"],"_links":{"self":[{"href":"https:\/\/villa-kornati.com\/de\/wp-json\/wp\/v2\/pages\/145","targetHints":{"allow":["GET"]}}],"collection":[{"href":"https:\/\/villa-kornati.com\/de\/wp-json\/wp\/v2\/pages"}],"about":[{"href":"https:\/\/villa-kornati.com\/de\/wp-json\/wp\/v2\/types\/page"}],"author":[{"embeddable":true,"href":"https:\/\/villa-kornati.com\/de\/wp-json\/wp\/v2\/users\/1"}],"replies":[{"embeddable":true,"href":"https:\/\/villa-kornati.com\/de\/wp-json\/wp\/v2\/comments?post=145"}],"version-history":[{"count":0,"href":"https:\/\/villa-kornati.com\/de\/wp-json\/wp\/v2\/pages\/145\/revisions"}],"wp:attachment":[{"href":"https:\/\/villa-kornati.com\/de\/wp-json\/wp\/v2\/media?parent=145"}],"curies":[{"name":"wp","href":"https:\/\/api.w.org\/{rel}","templated":true}]}}