{"id":146,"date":"2021-02-02T13:07:26","date_gmt":"2021-02-02T12:07:26","guid":{"rendered":"http:\/\/villa-kornati.com\/en\/odmor-i-apartmani-u-hrvatskoj-english\/"},"modified":"2021-02-03T17:35:38","modified_gmt":"2021-02-03T16:35:38","slug":"odmor-i-apartmani-u-hrvatskoj-english","status":"publish","type":"page","link":"https:\/\/villa-kornati.com\/en\/","title":{"rendered":"Villa Kornati &#8211; holiday and apartments in Croatia"},"content":{"rendered":"<h1 class=\"rtecenter\"><img loading=\"lazy\" decoding=\"async\" class=\"size-full wp-image-2 alignleft\" src=\"http:\/\/villa-kornati.com\/enwp-content\/uploads\/sites\/2\/2009\/03\/OBJEKAT-1.jpg\" alt=\"\" width=\"510\" height=\"383\" srcset=\"https:\/\/villa-kornati.com\/en\/wp-content\/uploads\/sites\/2\/2009\/03\/OBJEKAT-1.jpg 510w, https:\/\/villa-kornati.com\/en\/wp-content\/uploads\/sites\/2\/2009\/03\/OBJEKAT-1-300x225.jpg 300w\" sizes=\"auto, (max-width: 510px) 100vw, 510px\" \/><\/h1>\n<p>Villa Kornati offers you eight apartments. Villa Kornati is situated in the place named \u017ddrelac on the Croatian Pa\u0161man island with the address: Put Tarokini 1 (sixth street). In \u017ddrelac there is the city centre and the beach \u201eMatlovac\u201c, which are not at the same spot. Our apartments are located midway between the centre and the beach \u201eMatlovac\u201c, thus either is near. From our apartments you have five walking minutes to the beach and four walking minutes to the centre. You can see the exact position on the map. \u017ddrelac is a small place ideal for vacation and spending some quality time with your family. Besides the sea and fresh air, there is a pearl of this place -beautiful sand beach.<\/p>\n<p>The beach is very clean, shallow and surrounded by pine forest. Children especially enjoy this beach.<\/p>\n<p>Nearest airport is in town Zadar. Zadar region is surrounded by five National parks: Paklenica, Kornati, Plitvice lakes, Krkas falls, North Velebit. For only 1-2 hours driving by car or boat it is possible to see all national parks.<\/p>\n<p>Place \u017ddrelac is in fact an entrance for Nature park Tela\u0161cica and National park Kornati. Pa\u0161man island has the surface of 60 km\u00b2 and is divided from land by Pa\u0161man canal which is full of numerous beautiful small islands. It is connected with land by ferry route Biograd &#8211; Tkon and Zadar &#8211; Preko (on Ugljan island) and with Ugljan island by bridge in see pass \u017ddrelac.<\/p>\n<p>Sea currents in Pa\u0161man canal are changing direction every six hours so they make this part of the Adriatic sea one of the cleanest.<\/p>\n<p>One of the destinations You should visit are monasteries of St. Dujma and St. Kuzma in the nearby places of Kraj and Tkon.<\/p>\n","protected":false},"excerpt":{"rendered":"<p>Villa Kornati offers you eight apartments. Villa Kornati is situated in the place named \u017ddrelac on the Croatian Pa\u0161man island with the address: Put Tarokini 1 (sixth street). In \u017ddrelac there is the city centre and the beach \u201eMatlovac\u201c, which are not at the same &hellip; <\/p>\n","protected":false},"author":1,"featured_media":0,"parent":0,"menu_order":0,"comment_status":"closed","ping_status":"closed","template":"","meta":{"footnotes":""},"class_list":["post-146","page","type-page","status-publish","hentry","latest_post"],"_links":{"self":[{"href":"https:\/\/villa-kornati.com\/en\/wp-json\/wp\/v2\/pages\/146","targetHints":{"allow":["GET"]}}],"collection":[{"href":"https:\/\/villa-kornati.com\/en\/wp-json\/wp\/v2\/pages"}],"about":[{"href":"https:\/\/villa-kornati.com\/en\/wp-json\/wp\/v2\/types\/page"}],"author":[{"embeddable":true,"href":"https:\/\/villa-kornati.com\/en\/wp-json\/wp\/v2\/users\/1"}],"replies":[{"embeddable":true,"href":"https:\/\/villa-kornati.com\/en\/wp-json\/wp\/v2\/comments?post=146"}],"version-history":[{"count":0,"href":"https:\/\/villa-kornati.com\/en\/wp-json\/wp\/v2\/pages\/146\/revisions"}],"wp:attachment":[{"href":"https:\/\/villa-kornati.com\/en\/wp-json\/wp\/v2\/media?parent=146"}],"curies":[{"name":"wp","href":"https:\/\/api.w.org\/{rel}","templated":true}]}}