{"id":685,"date":"2021-02-11T17:58:13","date_gmt":"2021-02-11T16:58:13","guid":{"rendered":"https:\/\/villa-kornati.com\/en\/?page_id=685"},"modified":"2021-03-17T18:27:09","modified_gmt":"2021-03-17T17:27:09","slug":"about-us","status":"publish","type":"page","link":"https:\/\/villa-kornati.com\/en\/about-us\/","title":{"rendered":"About us"},"content":{"rendered":"<p><img loading=\"lazy\" decoding=\"async\" class=\"size-full wp-image-777 aligncenter\" src=\"https:\/\/villa-kornati.com\/wp-content\/uploads\/2021\/02\/villa-Kornati-apartmani-1.png\" alt=\"\" width=\"1050\" height=\"450\" srcset=\"https:\/\/villa-kornati.com\/en\/wp-content\/uploads\/sites\/2\/2021\/02\/villa-Kornati-apartmani-1.png 1050w, https:\/\/villa-kornati.com\/en\/wp-content\/uploads\/sites\/2\/2021\/02\/villa-Kornati-apartmani-1-300x129.png 300w, https:\/\/villa-kornati.com\/en\/wp-content\/uploads\/sites\/2\/2021\/02\/villa-Kornati-apartmani-1-1024x439.png 1024w, https:\/\/villa-kornati.com\/en\/wp-content\/uploads\/sites\/2\/2021\/02\/villa-Kornati-apartmani-1-768x329.png 768w, https:\/\/villa-kornati.com\/en\/wp-content\/uploads\/sites\/2\/2021\/02\/villa-Kornati-apartmani-1-140x60.png 140w\" sizes=\"auto, (max-width: 1050px) 100vw, 1050px\" \/><\/p>\n<h3><strong>Villa Kornati is located in a small Dalmatian town \u017ddrelac on the island of Pa\u0161man. The holiday house of the Sreba\u010di\u0107 family consists of six apartments for a family vacation in summer.<\/strong><\/h3>\n<p>The distinguishing features of the apartments are the exceptional cleanliness, great location and reasonable prices. Each apartment has air conditioning, TV and satellite TV, a terrace and a free parking space. A large grill is available to all guests. All this is included in the price with no additional costs for guests. There is always someone from the Sreba\u010di\u0107 family in the house and at your disposal (Villa Kornati has eight apartments but two are occupied by the hosts).<\/p>\n<p>The smallest and most attractive to many couples is the studio apartment (Apartment A7), while the largest apartment is <a href=\"https:\/\/villa-kornati.com\/en\/trip\/apartman-8-three-bedrooms\/\">Apartment A8<\/a> which has three double-bed bedrooms. There are also apartments A2, A3, A5 and A6 which provide a comfortable summer accommodation for two to four persons and are usually chosen by families. <a href=\"https:\/\/villa-kornati.com\/en\/apartments\/\">See details<\/a> about each of them and choose your accommodation.<\/p>\n<h2 data-wp-editing=\"1\">\u017ddrelac, the island of Pa\u0161man<\/h2>\n<p data-wp-editing=\"1\"><img loading=\"lazy\" decoding=\"async\" class=\" wp-image-121 alignleft\" src=\"https:\/\/villa-kornati.com\/wp-content\/uploads\/2009\/03\/map01-272x300.gif\" alt=\"\" width=\"249\" height=\"275\" \/><img loading=\"lazy\" decoding=\"async\" class=\" wp-image-122 alignleft\" src=\"https:\/\/villa-kornati.com\/wp-content\/uploads\/2009\/03\/map02-272x300.gif\" alt=\"\" width=\"248\" height=\"274\" \/><\/p>\n<p>\u017ddrelac is a small Dalmatian town, ideal for summer vacation and pleasant family gatherings. Although, as we learn from the official website, \u017ddrelac is the largest town on the island of Pa\u0161man!<\/p>\n<p>Many of those who know the old part of \u017ddrelac are unfamiliar with the newly built part, so-called Novi \u017ddrelac (New \u017ddrelac). Villa Kornati is located in the old part, closer to the centre and is thus even more connected with the spirit and life of this little town.<\/p>\n<p>The island of Pa\u0161man covers an area of \u200b\u200b60 km2 and is separated from the mainland by the Pa\u0161man Channel in which there are many picturesque islands resembling scattered pearls. Ferry lines Biograd\u2013Tkon and Zadar\u2013Preko (on the island of Ugljen) connect it to the mainland and a bridge connects it to the island of Ugljen. The two islands are similar in terms of vegetation. Sea currents in the Pa\u0161man Channel change their direction every six hours thus making this area one of the cleanest in the Adriatic. Find out about the next ferry to Biograd or Zadar \u2013 <a href=\"https:\/\/www.jadrolinija.hr\/en\/ferry-croatia\">Jadolinija\u2019s timetable.<\/a><\/p><figure id=\"attachment_866\" aria-describedby=\"caption-attachment-866\" style=\"width: 625px\" class=\"wp-caption alignright\"><img loading=\"lazy\" decoding=\"async\" class=\"wp-image-866\" src=\"https:\/\/villa-kornati.com\/en\/wp-content\/uploads\/sites\/2\/2021\/03\/zdrelac07.jpg\" alt=\"\" width=\"625\" height=\"351\" srcset=\"https:\/\/villa-kornati.com\/en\/wp-content\/uploads\/sites\/2\/2021\/03\/zdrelac07.jpg 1200w, https:\/\/villa-kornati.com\/en\/wp-content\/uploads\/sites\/2\/2021\/03\/zdrelac07-300x169.jpg 300w, https:\/\/villa-kornati.com\/en\/wp-content\/uploads\/sites\/2\/2021\/03\/zdrelac07-1024x575.jpg 1024w, https:\/\/villa-kornati.com\/en\/wp-content\/uploads\/sites\/2\/2021\/03\/zdrelac07-768x431.jpg 768w, https:\/\/villa-kornati.com\/en\/wp-content\/uploads\/sites\/2\/2021\/03\/zdrelac07-107x60.jpg 107w\" sizes=\"auto, (max-width: 625px) 100vw, 625px\" \/><figcaption id=\"caption-attachment-866\" class=\"wp-caption-text\">The bridge between the islands of Pa\u0161man and Ugljan. Photo by: Pa\u0161man Tourist Board<\/figcaption><\/figure>\n<p>\u017ddrelac has an excellent position that allows our guests to be \u201chalfway through\u201d and to enjoy the bays, places and sites of both these beautiful Dalmatian islands.<\/p>\n<p>The nearest airport is in Zadar. The Zadar region is surrounded by as many as five national parks: Paklenica, Kornati, Plitvice Lakes, Krka and Northern Velebit. All national parks can be reached in just one to two hours by car or boat. The town of \u017ddrelac is actually at the entrance to Tela\u0161\u010dica Nature Park and Kornati National Park (that is why we named our holiday house Villa Kornati). The Franciscan monastery of St. Dujam in Kraj and the Benedictine monastery of St. Cosmas and Damian on the hill \u0106okovac near Tkon are definitely worth visiting. But what is most beautiful about these islands is the connection with nature. There are numerous beaches, coves and possibilities for recreation.<\/p>\n<p>There are two bike trails on the island of Pa\u0161man. Both islands are rich in vegetation and are also interesting for hiking or trekking (<em>\u0161kraping<\/em>).<\/p>\n<figure id=\"attachment_867\" aria-describedby=\"caption-attachment-867\" style=\"width: 480px\" class=\"wp-caption alignleft\"><img loading=\"lazy\" decoding=\"async\" class=\"wp-image-867\" src=\"https:\/\/villa-kornati.com\/en\/wp-content\/uploads\/sites\/2\/2021\/03\/Sv.-Mihovil.jpg\" alt=\"\" width=\"480\" height=\"270\" srcset=\"https:\/\/villa-kornati.com\/en\/wp-content\/uploads\/sites\/2\/2021\/03\/Sv.-Mihovil.jpg 960w, https:\/\/villa-kornati.com\/en\/wp-content\/uploads\/sites\/2\/2021\/03\/Sv.-Mihovil-300x170.jpg 300w, https:\/\/villa-kornati.com\/en\/wp-content\/uploads\/sites\/2\/2021\/03\/Sv.-Mihovil-768x432.jpg 768w, https:\/\/villa-kornati.com\/en\/wp-content\/uploads\/sites\/2\/2021\/03\/Sv.-Mihovil-107x60.jpg 107w\" sizes=\"auto, (max-width: 480px) 100vw, 480px\" \/><figcaption id=\"caption-attachment-867\" class=\"wp-caption-text\">The view of Kornati from St. Mihovil\u2019s fortress<\/figcaption><\/figure>\n<p>The hosts, brothers Davor and Goran Sreba\u010di\u0107 will certainly have more information about this topic because they themselves have experienced the islands through hiking. One of the interesting destinations, they say, is the medieval fortress of St. Mihovil on the hill of the same name (265 m) above the town of Preko on the island of Ugljan. It was built by the Republic of Venice in the 13th century. It offers a splendid view of the city of Zadar, more than 200 islands of the Zadar archipelago and Kornati National Park.<\/p>\n<p>If you want to visit Kornati, Davor knows more about how and with whom!<\/p><h2 data-wp-editing=\"1\">Villa Kornati is a few minutes\u2019 walk from the Matlovac beach<\/h2>\n<figure id=\"attachment_108\" aria-describedby=\"caption-attachment-108\" style=\"width: 510px\" class=\"wp-caption alignleft\"><img loading=\"lazy\" decoding=\"async\" class=\"wp-image-108 size-full\" src=\"https:\/\/villa-kornati.com\/wp-content\/uploads\/2009\/03\/PLAZA-8.jpg\" alt=\"\" width=\"510\" height=\"382\" srcset=\"https:\/\/villa-kornati.com\/en\/wp-content\/uploads\/sites\/2\/2009\/03\/PLAZA-8.jpg 510w, https:\/\/villa-kornati.com\/en\/wp-content\/uploads\/sites\/2\/2009\/03\/PLAZA-8-300x225.jpg 300w\" sizes=\"auto, (max-width: 510px) 100vw, 510px\" \/><figcaption id=\"caption-attachment-108\" class=\"wp-caption-text\">Matlovac beach \u2013 shade under pine trees, soft sand in the sea<\/figcaption><\/figure>\n<p>Villa Kornati is just five minutes\u2019 walk from the centre of \u017ddrelac. In the centre there is a well-stocked grocery store, bakery, two excellent stalls with fruit, vegetable and local products such as olive oil, and frequently fresh fish. Furthermore, there is a restaurant and cafe Di\u0161pet providing evening entertainment (DJ, bands). Not far from the centre there is also an excellent restaurant, Riva, and pizzeria Maslina. The church, port and the post office are also located in the centre.<\/p>\n<figure id=\"attachment_502\" aria-describedby=\"caption-attachment-502\" style=\"width: 510px\" class=\"wp-caption alignright\"><img loading=\"lazy\" decoding=\"async\" class=\"wp-image-502\" src=\"https:\/\/villa-kornati.com\/en\/wp-content\/uploads\/sites\/2\/2021\/02\/PLAZA-914-scaled.jpg\" alt=\"\" width=\"510\" height=\"383\" srcset=\"https:\/\/villa-kornati.com\/en\/wp-content\/uploads\/sites\/2\/2021\/02\/PLAZA-914-scaled.jpg 2560w, https:\/\/villa-kornati.com\/en\/wp-content\/uploads\/sites\/2\/2021\/02\/PLAZA-914-300x225.jpg 300w, https:\/\/villa-kornati.com\/en\/wp-content\/uploads\/sites\/2\/2021\/02\/PLAZA-914-1024x768.jpg 1024w, https:\/\/villa-kornati.com\/en\/wp-content\/uploads\/sites\/2\/2021\/02\/PLAZA-914-768x576.jpg 768w, https:\/\/villa-kornati.com\/en\/wp-content\/uploads\/sites\/2\/2021\/02\/PLAZA-914-1536x1152.jpg 1536w, https:\/\/villa-kornati.com\/en\/wp-content\/uploads\/sites\/2\/2021\/02\/PLAZA-914-2048x1536.jpg 2048w, https:\/\/villa-kornati.com\/en\/wp-content\/uploads\/sites\/2\/2021\/02\/PLAZA-914-80x60.jpg 80w\" sizes=\"auto, (max-width: 510px) 100vw, 510px\" \/><figcaption id=\"caption-attachment-502\" class=\"wp-caption-text\">Beach volleyball \u2013 for an active vacation on the Matlovac beach<\/figcaption><\/figure>\n<p>Apart from peace and fresh air, the sandy beach Matlovac is another treasure this little town offers. The beach is shallow, clean and surrounded by pine forest. It is especially suited for children.<\/p>\n<p>Although many people enjoy the beach in the town centre, we recommend to explore the Matlovac beach which is a well-kept local beach and certainly one of the most beautiful beaches on both islands (Pa\u0161man and Ugljan). It is only a few minutes\u2019 walk from our apartments. There are two cafes on the beach, one of them offers delicious fast food. There is also entertainment such as trampoline for children and a court for beach volleyball (volleyball photo and video: \u017ddrelac Tourist Board).<\/p>\n<p>See the exact location of Villa Kornati on the map. Book accommodation in one of the apartments of Villa Kornati and spend your summer vacation in \u017ddrelac!<\/p><p><iframe loading=\"lazy\" title=\"PA\u0160MAN - \u017ddrelac\" width=\"910\" height=\"512\" src=\"https:\/\/www.youtube.com\/embed\/hO9KnJJndgs?feature=oembed\" frameborder=\"0\" allow=\"accelerometer; autoplay; clipboard-write; encrypted-media; gyroscope; picture-in-picture\" allowfullscreen><\/iframe><\/p>","protected":false},"excerpt":{"rendered":"<p>Villa Kornati is located in a small Dalmatian town \u017ddrelac on the island of Pa\u0161man. The holiday house of the Sreba\u010di\u0107 family consists of six apartments for a family vacation in summer. The distinguishing features of the apartments are the exceptional cleanliness, great location and &hellip; <\/p>\n","protected":false},"author":3,"featured_media":0,"parent":0,"menu_order":0,"comment_status":"closed","ping_status":"closed","template":"","meta":{"footnotes":""},"class_list":["post-685","page","type-page","status-publish","hentry","latest_post"],"_links":{"self":[{"href":"https:\/\/villa-kornati.com\/en\/wp-json\/wp\/v2\/pages\/685","targetHints":{"allow":["GET"]}}],"collection":[{"href":"https:\/\/villa-kornati.com\/en\/wp-json\/wp\/v2\/pages"}],"about":[{"href":"https:\/\/villa-kornati.com\/en\/wp-json\/wp\/v2\/types\/page"}],"author":[{"embeddable":true,"href":"https:\/\/villa-kornati.com\/en\/wp-json\/wp\/v2\/users\/3"}],"replies":[{"embeddable":true,"href":"https:\/\/villa-kornati.com\/en\/wp-json\/wp\/v2\/comments?post=685"}],"version-history":[{"count":2,"href":"https:\/\/villa-kornati.com\/en\/wp-json\/wp\/v2\/pages\/685\/revisions"}],"predecessor-version":[{"id":868,"href":"https:\/\/villa-kornati.com\/en\/wp-json\/wp\/v2\/pages\/685\/revisions\/868"}],"wp:attachment":[{"href":"https:\/\/villa-kornati.com\/en\/wp-json\/wp\/v2\/media?parent=685"}],"curies":[{"name":"wp","href":"https:\/\/api.w.org\/{rel}","templated":true}]}}