{"id":804,"date":"2021-03-01T16:37:10","date_gmt":"2021-03-01T15:37:10","guid":{"rendered":"https:\/\/villa-kornati.com\/en\/?page_id=804"},"modified":"2021-03-18T09:03:46","modified_gmt":"2021-03-18T08:03:46","slug":"apartments","status":"publish","type":"page","link":"https:\/\/villa-kornati.com\/en\/apartments\/","title":{"rendered":"Apartments"},"content":{"rendered":"<p><img loading=\"lazy\" decoding=\"async\" class=\"size-full wp-image-777 aligncenter\" src=\"https:\/\/villa-kornati.com\/wp-content\/uploads\/2021\/02\/villa-Kornati-apartmani-1.png\" alt=\"\" width=\"1050\" height=\"450\" srcset=\"https:\/\/villa-kornati.com\/en\/wp-content\/uploads\/sites\/2\/2021\/02\/villa-Kornati-apartmani-1.png 1050w, https:\/\/villa-kornati.com\/en\/wp-content\/uploads\/sites\/2\/2021\/02\/villa-Kornati-apartmani-1-300x129.png 300w, https:\/\/villa-kornati.com\/en\/wp-content\/uploads\/sites\/2\/2021\/02\/villa-Kornati-apartmani-1-1024x439.png 1024w, https:\/\/villa-kornati.com\/en\/wp-content\/uploads\/sites\/2\/2021\/02\/villa-Kornati-apartmani-1-768x329.png 768w, https:\/\/villa-kornati.com\/en\/wp-content\/uploads\/sites\/2\/2021\/02\/villa-Kornati-apartmani-1-140x60.png 140w\" sizes=\"auto, (max-width: 1050px) 100vw, 1050px\" \/><\/p>\n<h3><strong>Villa Kornati is located in a small Dalmatian town \u017ddrelac on the island of Pa\u0161man. The holiday house of the Sreba\u010di\u0107 family consists of six apartments for a family vacation in summer.<\/strong><\/h3>\n<p>The distinguishing features of the apartments are the exceptional cleanliness, great location and reasonable prices. Each apartment has air conditioning, TV and satellite TV, a terrace and a free parking space. A large grill is available to all guests. All this is included in the price with no additional costs for guests. There is always someone from the Sreba\u010di\u0107 family in the house and at your disposal (Villa Kornati has eight apartments but two are occupied by the hosts).<\/p>\n<p>The smallest and most attractive to many couples is the studio apartment (Apartment A7), while the largest apartment is\u00a0<a href=\"https:\/\/villa-kornati.com\/en\/trip\/apartman-8-three-bedrooms\/\">Apartment A8<\/a>\u00a0which has three double-bed bedrooms. There are also apartments A2, A3, A5 and A6 which provide a comfortable summer accommodation for two to four persons and are usually chosen by families.\u00a0<a href=\"https:\/\/villa-kornati.com\/en\/apartments\/\">See details<\/a>\u00a0about each of them and choose your accommodation.<\/p>\n<div class=\"pt-cv-wrapper\"><div class=\"pt-cv-view pt-cv-grid pt-cv-colsys pt-cv-same-height pt-cv-center\" id=\"pt-cv-view-8d70322sxk\"><div data-id=\"pt-cv-page-1\" class=\"pt-cv-page\" data-cvc=\"3\" data-cvct=\"2\" data-cvcm=\"1\"><div class=\"col-md-4 col-sm-6 col-xs-12 pt-cv-content-item pt-cv-1-col\"  data-pid=\"655\"><div class='pt-cv-ifield'><a href=\"https:\/\/villa-kornati.com\/en\/trip\/apartman-2-eng\/\" class=\"_self pt-cv-href-thumbnail pt-cv-thumb-default cvplbd cvp-responsive-image img-none\" target=\"_self\" data-iw=\"300\" data-ih=\"300\"><img loading=\"lazy\" decoding=\"async\" width=\"300\" height=\"138\" src=\"https:\/\/villa-kornati.com\/en\/wp-content\/uploads\/sites\/2\/2021\/07\/A2-Villa-Kornati-Zdrelac-Pasman-1-300x138.jpg\" class=\"pt-cv-thumbnail img-none no-lazyload  skip-lazy \" alt=\"Apartment 2, for four people\" \/><\/a>\n<h4 class=\"pt-cv-title\"><a href=\"https:\/\/villa-kornati.com\/en\/trip\/apartman-2-eng\/\" class=\"_self cvplbd\" target=\"_self\" data-iw=\"300\" data-ih=\"300\">Apartment 2, for four people<\/a><\/h4>\n<div class=\"pt-cv-content\">Apartment A2 covering 35 m2 is located on the ground floor of Villa Kornati. It\u00a0 has a separate terrace and ...<br \/><div class=\"pt-cv-rmwrap\"><a href=\"https:\/\/villa-kornati.com\/en\/trip\/apartman-2-eng\/\" class=\"_self pt-cv-readmore btn btn-success cvprmct  cvplbd\" target=\"_self\" data-iw=\"300\" data-ih=\"300\">More informations<\/a><\/div><\/div><\/div><\/div>\n<div class=\"col-md-4 col-sm-6 col-xs-12 pt-cv-content-item pt-cv-1-col\"  data-pid=\"714\"><div class='pt-cv-ifield'><a href=\"https:\/\/villa-kornati.com\/en\/trip\/eng-apartment-a3\/\" class=\"_self pt-cv-href-thumbnail pt-cv-thumb-default cvplbd cvp-responsive-image img-none\" target=\"_self\" data-iw=\"300\" data-ih=\"300\"><img loading=\"lazy\" decoding=\"async\" width=\"300\" height=\"225\" src=\"https:\/\/villa-kornati.com\/en\/wp-content\/uploads\/sites\/2\/2021\/08\/A3-Villa-Kornati-Zdrelac-Pasman-1-300x225.jpg\" class=\"pt-cv-thumbnail img-none no-lazyload  skip-lazy \" alt=\"Apartment A3, four beds\" \/><\/a>\n<h4 class=\"pt-cv-title\"><a href=\"https:\/\/villa-kornati.com\/en\/trip\/eng-apartment-a3\/\" class=\"_self cvplbd\" target=\"_self\" data-iw=\"300\" data-ih=\"300\">Apartment A3, four beds<\/a><\/h4>\n<div class=\"pt-cv-content\">Apartment A3 covering 35 m2 is located on the ground floor of Villa Kornati and has a separate terrace and ...<br \/><div class=\"pt-cv-rmwrap\"><a href=\"https:\/\/villa-kornati.com\/en\/trip\/eng-apartment-a3\/\" class=\"_self pt-cv-readmore btn btn-success cvprmct  cvplbd\" target=\"_self\" data-iw=\"300\" data-ih=\"300\">More informations<\/a><\/div><\/div><\/div><\/div>\n<div class=\"col-md-4 col-sm-6 col-xs-12 pt-cv-content-item pt-cv-1-col\"  data-pid=\"734\"><div class='pt-cv-ifield'><a href=\"https:\/\/villa-kornati.com\/en\/trip\/apartman-5-en\/\" class=\"_self pt-cv-href-thumbnail pt-cv-thumb-default cvplbd cvp-responsive-image img-none\" target=\"_self\" data-iw=\"300\" data-ih=\"300\"><img loading=\"lazy\" decoding=\"async\" width=\"300\" height=\"225\" src=\"https:\/\/villa-kornati.com\/en\/wp-content\/uploads\/sites\/2\/2021\/08\/A5-Villa-Kornati-Zdrelac-Pasman-2-300x225.jpg\" class=\"pt-cv-thumbnail img-none no-lazyload  skip-lazy \" alt=\"Apartment  A5, two bedrooms\" \/><\/a>\n<h4 class=\"pt-cv-title\"><a href=\"https:\/\/villa-kornati.com\/en\/trip\/apartman-5-en\/\" class=\"_self cvplbd\" target=\"_self\" data-iw=\"300\" data-ih=\"300\">Apartment  A5, two bedrooms<\/a><\/h4>\n<div class=\"pt-cv-content\">Apartment A5 covering 35 m2 is on the middle floor of Villa Kornati. It is suitable for two to four ...<br \/><div class=\"pt-cv-rmwrap\"><a href=\"https:\/\/villa-kornati.com\/en\/trip\/apartman-5-en\/\" class=\"_self pt-cv-readmore btn btn-success cvprmct  cvplbd\" target=\"_self\" data-iw=\"300\" data-ih=\"300\">More informations<\/a><\/div><\/div><\/div><\/div>\n<div class=\"col-md-4 col-sm-6 col-xs-12 pt-cv-content-item pt-cv-1-col\"  data-pid=\"736\"><div class='pt-cv-ifield'><a href=\"https:\/\/villa-kornati.com\/en\/trip\/apartman-6-en\/\" class=\"_self pt-cv-href-thumbnail pt-cv-thumb-default cvplbd cvp-responsive-image img-none\" target=\"_self\" data-iw=\"300\" data-ih=\"300\"><img loading=\"lazy\" decoding=\"async\" width=\"300\" height=\"225\" src=\"https:\/\/villa-kornati.com\/en\/wp-content\/uploads\/sites\/2\/2021\/08\/A6-Villa-Kornati-2021-1-300x225.jpg\" class=\"pt-cv-thumbnail img-none no-lazyload  skip-lazy \" alt=\"Apartment A6, a family choice\" \/><\/a>\n<h4 class=\"pt-cv-title\"><a href=\"https:\/\/villa-kornati.com\/en\/trip\/apartman-6-en\/\" class=\"_self cvplbd\" target=\"_self\" data-iw=\"300\" data-ih=\"300\">Apartment A6, a family choice<\/a><\/h4>\n<div class=\"pt-cv-content\">Apartment A6 with its size of 35 m2 is suitable for two to four persons, protected by natural shade and ...<br \/><div class=\"pt-cv-rmwrap\"><a href=\"https:\/\/villa-kornati.com\/en\/trip\/apartman-6-en\/\" class=\"_self pt-cv-readmore btn btn-success cvprmct  cvplbd\" target=\"_self\" data-iw=\"300\" data-ih=\"300\">More informations<\/a><\/div><\/div><\/div><\/div>\n<div class=\"col-md-4 col-sm-6 col-xs-12 pt-cv-content-item pt-cv-1-col\"  data-pid=\"739\"><div class='pt-cv-ifield'><a href=\"https:\/\/villa-kornati.com\/en\/trip\/apartaman-7-studio-en\/\" class=\"_self pt-cv-href-thumbnail pt-cv-thumb-default cvplbd cvp-responsive-image img-none\" target=\"_self\" data-iw=\"300\" data-ih=\"300\"><img loading=\"lazy\" decoding=\"async\" width=\"300\" height=\"225\" src=\"https:\/\/villa-kornati.com\/en\/wp-content\/uploads\/sites\/2\/2021\/08\/A7-Villa-Kornati-2021-1-300x225.jpg\" class=\"pt-cv-thumbnail img-none no-lazyload  skip-lazy \" alt=\"Apartment A7, studio\" \/><\/a>\n<h4 class=\"pt-cv-title\"><a href=\"https:\/\/villa-kornati.com\/en\/trip\/apartaman-7-studio-en\/\" class=\"_self cvplbd\" target=\"_self\" data-iw=\"300\" data-ih=\"300\">Apartment A7, studio<\/a><\/h4>\n<div class=\"pt-cv-content\">Apartment A7 is a studio apartment covering 25 m2. Located on the upper floor of Villa Kornati it consists of ...<br \/><div class=\"pt-cv-rmwrap\"><a href=\"https:\/\/villa-kornati.com\/en\/trip\/apartaman-7-studio-en\/\" class=\"_self pt-cv-readmore btn btn-success cvprmct  cvplbd\" target=\"_self\" data-iw=\"300\" data-ih=\"300\">More informations<\/a><\/div><\/div><\/div><\/div>\n<div class=\"col-md-4 col-sm-6 col-xs-12 pt-cv-content-item pt-cv-1-col\"  data-pid=\"742\"><div class='pt-cv-ifield'><a href=\"https:\/\/villa-kornati.com\/en\/trip\/apartman-8-three-bedrooms\/\" class=\"_self pt-cv-href-thumbnail pt-cv-thumb-default cvplbd cvp-responsive-image img-none\" target=\"_self\" data-iw=\"300\" data-ih=\"300\"><img loading=\"lazy\" decoding=\"async\" width=\"300\" height=\"225\" src=\"https:\/\/villa-kornati.com\/en\/wp-content\/uploads\/sites\/2\/2021\/08\/A8-Villa-Kornati-2021-4-300x225.jpg\" class=\"pt-cv-thumbnail img-none no-lazyload  skip-lazy \" alt=\"Apartment 8, three bedrooms\" \/><\/a>\n<h4 class=\"pt-cv-title\"><a href=\"https:\/\/villa-kornati.com\/en\/trip\/apartman-8-three-bedrooms\/\" class=\"_self cvplbd\" target=\"_self\" data-iw=\"300\" data-ih=\"300\">Apartment 8, three bedrooms<\/a><\/h4>\n<div class=\"pt-cv-content\">Apartment A8, with its size of 70 m2, is the largest apartment in Villa Kornati in \u017ddrelac. It is on ...<br \/><div class=\"pt-cv-rmwrap\"><a href=\"https:\/\/villa-kornati.com\/en\/trip\/apartman-8-three-bedrooms\/\" class=\"_self pt-cv-readmore btn btn-success cvprmct  cvplbd\" target=\"_self\" data-iw=\"300\" data-ih=\"300\">More informations<\/a><\/div><\/div><\/div><\/div><\/div><\/div><\/div>\t\t\t<style type=\"text\/css\" id=\"pt-cv-inline-style-b665e5amps\">#pt-cv-view-8d70322sxk .pt-cv-content-item { padding-top: 7px !important; padding-left: 7px !important; padding-bottom: 7px !important; padding-right: 7px !important; }\n#pt-cv-view-8d70322sxk  { margin-left: -7px !important; margin-right: -7px !important; }\n#pt-cv-view-8d70322sxk .pt-cv-ifield { padding-top: 15px !important; padding-left: 15px !important; padding-bottom: 15px !important; padding-right: 15px !important; }\n#pt-cv-view-8d70322sxk  .pt-cv-ifield   { background-color: #f4f4f4 !important; }\n#pt-cv-view-8d70322sxk .pt-cv-href-thumbnail  { margin-left: auto !important; margin-right: auto !important; display: block !important; text-align: center !important; clear: both !important; }\n#pt-cv-view-8d70322sxk .pt-cv-title a, #pt-cv-view-8d70322sxk  .panel-title { color: #2d2d2d !important; font-weight: 600 !important; display: block !important; text-align: center !important; clear: both !important; }\n#pt-cv-view-8d70322sxk  .pt-cv-title a:hover, #pt-cv-view-8d70322sxk  .panel-title:hover   { display: block !important; text-align: center !important; clear: both !important; }\n#pt-cv-view-8d70322sxk .pt-cv-content , #pt-cv-view-8d70322sxk  .pt-cv-content *:not(.pt-cv-readmore):not(style):not(script) { display: block !important; text-align: center !important; clear: both !important; }\n#pt-cv-view-8d70322sxk .pt-cv-carousel-caption  { background-color: rgba(51,51,51,.6) !important; }\n#pt-cv-view-8d70322sxk .pt-cv-specialp { background-color: #CC3333 !important }\n#pt-cv-view-8d70322sxk .pt-cv-specialp * { color: #fff !important; }\n#pt-cv-view-8d70322sxk .pt-cv-pficon  { color: #bbb !important; }\n#pt-cv-view-8d70322sxk .pt-cv-readmore  { color: #262626 !important; background-color: #e2e2e2 !important; margin-left: auto !important; margin-right: auto !important; float: none !important; display: table !important; text-align: center !important; clear: both !important; }\n#pt-cv-view-8d70322sxk .pt-cv-readmore:hover  { color: #3a3a3a !important; background-color: #d3d3d3 !important; margin-left: auto !important; margin-right: auto !important; float: none !important; display: table !important; text-align: center !important; clear: both !important; }\n#pt-cv-view-8d70322sxk  + .pt-cv-pagination-wrapper .pt-cv-more , #pt-cv-view-8d70322sxk  + .pt-cv-pagination-wrapper .pagination .active a { color: #ffffff !important; background-color: #00aeef !important; }\n.cvp-live-filter[data-sid='8d70322sxk'] .cvp-label   { display: block !important; text-align: center !important; clear: both !important; }\n.cvp-live-filter[data-sid='8d70322sxk'] input[type='text'], .cvp-live-filter[data-sid='8d70322sxk'] div > label, .cvp-live-filter[data-sid='8d70322sxk'] select, .cvp-live-filter[data-sid='8d70322sxk'] .irs-from, .cvp-live-filter[data-sid='8d70322sxk'] .irs-to   { display: block !important; text-align: center !important; clear: both !important; }\n.cvp-live-submit   { display: block !important; text-align: center !important; clear: both !important; }\n.cvp-live-reset   { display: block !important; text-align: center !important; clear: both !important; }\n#pt-cv-view-8d70322sxk .cvp-responsive-image[style*=\"background-image\"] { width: 300px; height: 300px; }\n#pt-cv-view-8d70322sxk { text-align: center; }<\/style>\r\n\t\t\t\n","protected":false},"excerpt":{"rendered":"<p>Villa Kornati is located in a small Dalmatian town \u017ddrelac on the island of Pa\u0161man. The holiday house of the Sreba\u010di\u0107 family consists of six apartments for a family vacation in summer. The distinguishing features of the apartments are the exceptional cleanliness, great location and &hellip; <\/p>\n","protected":false},"author":1,"featured_media":0,"parent":0,"menu_order":0,"comment_status":"closed","ping_status":"closed","template":"","meta":{"footnotes":""},"class_list":["post-804","page","type-page","status-publish","hentry","latest_post"],"_links":{"self":[{"href":"https:\/\/villa-kornati.com\/en\/wp-json\/wp\/v2\/pages\/804","targetHints":{"allow":["GET"]}}],"collection":[{"href":"https:\/\/villa-kornati.com\/en\/wp-json\/wp\/v2\/pages"}],"about":[{"href":"https:\/\/villa-kornati.com\/en\/wp-json\/wp\/v2\/types\/page"}],"author":[{"embeddable":true,"href":"https:\/\/villa-kornati.com\/en\/wp-json\/wp\/v2\/users\/1"}],"replies":[{"embeddable":true,"href":"https:\/\/villa-kornati.com\/en\/wp-json\/wp\/v2\/comments?post=804"}],"version-history":[{"count":2,"href":"https:\/\/villa-kornati.com\/en\/wp-json\/wp\/v2\/pages\/804\/revisions"}],"predecessor-version":[{"id":877,"href":"https:\/\/villa-kornati.com\/en\/wp-json\/wp\/v2\/pages\/804\/revisions\/877"}],"wp:attachment":[{"href":"https:\/\/villa-kornati.com\/en\/wp-json\/wp\/v2\/media?parent=804"}],"curies":[{"name":"wp","href":"https:\/\/api.w.org\/{rel}","templated":true}]}}